{"id":1818,"date":"2025-09-17T21:38:38","date_gmt":"2025-09-17T21:38:38","guid":{"rendered":"https:\/\/kanzuna.com\/?post_type=product&#038;p=1818"},"modified":"2026-04-13T20:03:09","modified_gmt":"2026-04-13T20:03:09","slug":"pack-sourate-al-adiyat","status":"publish","type":"product","link":"https:\/\/kanzuna.com\/en\/product\/pack-sourate-al-adiyat\/","title":{"rendered":"Pack Sourate Al&rsquo;adiyat \u0627\u0644\u0639\u0627\u062f\u064a\u0627\u062a"},"content":{"rendered":"<p data-start=\"195\" data-end=\"349\">Un support complet et sensoriel pour aider les enfants \u00e0 <strong data-start=\"252\" data-end=\"308\">m\u00e9moriser, comprendre et vivre la sourate al-\u02bf\u0100diy\u0101t<\/strong>, tout en s\u2019initiant \u00e0 la langue arabe.<\/p>\n<h2 data-start=\"356\" data-end=\"386\">\u00a0Ce que contient le pack<\/h2>\n<p data-start=\"388\" data-end=\"414\"><strong data-start=\"390\" data-end=\"412\">Cartes des versets<\/strong><\/p>\n<ul data-start=\"415\" data-end=\"584\">\n<li data-start=\"415\" data-end=\"454\">\n<p data-start=\"417\" data-end=\"454\">Versets en arabe (sans phon\u00e9tique),<\/p>\n<\/li>\n<li data-start=\"455\" data-end=\"512\">\n<p data-start=\"457\" data-end=\"512\">Traduction fran\u00e7aise et explication adapt\u00e9e au verso,<\/p>\n<\/li>\n<li data-start=\"513\" data-end=\"584\">\n<p data-start=\"515\" data-end=\"584\">Num\u00e9rotation et syst\u00e8me d\u2019autocorrection pour reconstituer l\u2019ordre.<\/p>\n<\/li>\n<\/ul>\n<p data-start=\"586\" data-end=\"632\"><strong data-start=\"588\" data-end=\"630\">Cartes vocabulaire en arabe uniquement<\/strong><\/p>\n<ul data-start=\"633\" data-end=\"768\">\n<li data-start=\"633\" data-end=\"698\">\n<p data-start=\"635\" data-end=\"698\">Mots-cl\u00e9s de la sourate pr\u00e9sent\u00e9s en arabe avec illustration,<\/p>\n<\/li>\n<li data-start=\"699\" data-end=\"768\">\n<p data-start=\"701\" data-end=\"768\">Acquisition du vocabulaire directement en arabe, sans traduction.<\/p>\n<\/li>\n<\/ul>\n<p data-start=\"770\" data-end=\"801\"><strong data-start=\"772\" data-end=\"799\">Cartes lecture\/\u00e9criture<\/strong><\/p>\n<ul data-start=\"802\" data-end=\"991\">\n<li data-start=\"802\" data-end=\"844\">\n<p data-start=\"804\" data-end=\"844\">Mot en arabe + traduction en fran\u00e7ais,<\/p>\n<\/li>\n<li data-start=\"845\" data-end=\"862\">\n<p data-start=\"847\" data-end=\"862\">Illustration,<\/p>\n<\/li>\n<li data-start=\"863\" data-end=\"920\">\n<p data-start=\"865\" data-end=\"920\">Mot en arabe en pointill\u00e9s pour s\u2019entra\u00eener \u00e0 \u00e9crire,<\/p>\n<\/li>\n<li data-start=\"921\" data-end=\"991\">\n<p data-start=\"923\" data-end=\"991\">Lettres du mot en pointill\u00e9s pour apprendre \u00e0 le former pas \u00e0 pas.<\/p>\n<\/li>\n<\/ul>\n<p data-start=\"993\" data-end=\"1033\"><strong data-start=\"995\" data-end=\"1031\">Activit\u00e9 sensorielle et cr\u00e9ative<\/strong><\/p>\n<ul data-start=\"1034\" data-end=\"1177\">\n<li data-start=\"1034\" data-end=\"1097\">\n<p data-start=\"1036\" data-end=\"1097\">Atelier autour du <strong data-start=\"1054\" data-end=\"1094\">c\u0153ur ingrat et du c\u0153ur reconnaissant<\/strong>,<\/p>\n<\/li>\n<li data-start=\"1098\" data-end=\"1177\">\n<p data-start=\"1100\" data-end=\"1177\">Manipulation concr\u00e8te pour int\u00e9grer la valeur de la gratitude envers Allah.<\/p>\n<\/li>\n<\/ul>\n<p data-start=\"1179\" data-end=\"1228\"><strong data-start=\"1181\" data-end=\"1226\">Exercice d\u2019\u00e9criture de la sourate enti\u00e8re<\/strong><\/p>\n<ul data-start=\"1229\" data-end=\"1402\">\n<li data-start=\"1229\" data-end=\"1321\">\n<p data-start=\"1231\" data-end=\"1321\">Sourate al-\u02bf\u0100diy\u0101t en arabe, en <strong data-start=\"1263\" data-end=\"1277\">pointill\u00e9s<\/strong> sur un fond d\u2019imitation de papier ancien,<\/p>\n<\/li>\n<li data-start=\"1322\" data-end=\"1402\">\n<p data-start=\"1324\" data-end=\"1402\">Permet \u00e0 l\u2019enfant de repasser sur chaque verset et d\u2019ancrer la m\u00e9morisation.<\/p>\n<\/li>\n<\/ul>\n<p data-start=\"1404\" data-end=\"1446\"><strong data-start=\"1406\" data-end=\"1444\">Fiche explicative pour les parents<\/strong><\/p>\n<ul data-start=\"1447\" data-end=\"1566\">\n<li data-start=\"1447\" data-end=\"1488\">\n<p data-start=\"1449\" data-end=\"1488\">Sens g\u00e9n\u00e9ral et morale de la sourate,<\/p>\n<\/li>\n<li data-start=\"1489\" data-end=\"1566\">\n<p data-start=\"1491\" data-end=\"1566\">Conseils pratiques pour introduire les activit\u00e9s et accompagner l\u2019enfant.<\/p>\n<\/li>\n<\/ul>\n<p data-start=\"1568\" data-end=\"1611\"><strong data-start=\"1570\" data-end=\"1609\">Texte cl\u00e9 en main \u00e0 lire \u00e0 l\u2019enfant<\/strong><\/p>\n<ul data-start=\"1612\" data-end=\"1805\">\n<li data-start=\"1612\" data-end=\"1704\">\n<p data-start=\"1614\" data-end=\"1704\">Une introduction vivante et intrigante, r\u00e9dig\u00e9e sp\u00e9cialement pour \u00eatre lue \u00e0 voix haute,<\/p>\n<\/li>\n<li data-start=\"1705\" data-end=\"1805\">\n<p data-start=\"1707\" data-end=\"1805\">Permet de plonger l\u2019enfant dans l\u2019ambiance de la sourate et de susciter son envie de participer.<\/p>\n<\/li>\n<\/ul>\n<h2 data-start=\"1812\" data-end=\"1842\"><\/h2>\n<h2 data-start=\"1812\" data-end=\"1842\">\u00a0Objectifs p\u00e9dagogiques<\/h2>\n<ul data-start=\"1843\" data-end=\"2099\">\n<li data-start=\"1843\" data-end=\"1891\">\n<p data-start=\"1845\" data-end=\"1891\">Faciliter la <strong data-start=\"1858\" data-end=\"1874\">m\u00e9morisation<\/strong> de la sourate,<\/p>\n<\/li>\n<li data-start=\"1892\" data-end=\"1945\">\n<p data-start=\"1894\" data-end=\"1945\">Initier l\u2019enfant \u00e0 la <strong data-start=\"1916\" data-end=\"1942\">compr\u00e9hension du Coran<\/strong>,<\/p>\n<\/li>\n<li data-start=\"1946\" data-end=\"1987\">\n<p data-start=\"1948\" data-end=\"1987\">D\u00e9velopper son <strong data-start=\"1963\" data-end=\"1984\">vocabulaire arabe<\/strong>,<\/p>\n<\/li>\n<li data-start=\"1988\" data-end=\"2039\">\n<p data-start=\"1990\" data-end=\"2039\">Encourager la <strong data-start=\"2004\" data-end=\"2036\">pratique de l\u2019\u00e9criture arabe<\/strong>,<\/p>\n<\/li>\n<li data-start=\"2040\" data-end=\"2099\">\n<p data-start=\"2042\" data-end=\"2099\">Transmettre la <strong data-start=\"2057\" data-end=\"2096\">valeur de la gratitude envers Allah<\/strong>.<\/p>\n<\/li>\n<\/ul>\n<p data-start=\"2106\" data-end=\"2286\">Un pack cl\u00e9 en main, qui allie <strong data-start=\"2140\" data-end=\"2218\">m\u00e9morisation, langue arabe, explications claires et activit\u00e9s sensorielles<\/strong> pour que la sourate devienne une exp\u00e9rience vivante et m\u00e9morable.<\/p>","protected":false},"excerpt":{"rendered":"<p>Un support complet pour aider les enfants \u00e0 <strong data-start=\"241\" data-end=\"284\">m\u00e9moriser, comprendre et aimer le Coran<\/strong>.<br data-start=\"285\" data-end=\"288\" \/>Cartes des versets, vocabulaire en arabe, activit\u00e9s d\u2019\u00e9criture et atelier sensoriel.<br data-start=\"372\" data-end=\"375\" \/>Inclus : <strong data-start=\"384\" data-end=\"422\">fiche explicative pour les parents<\/strong> + <strong data-start=\"425\" data-end=\"469\">texte cl\u00e9 en main pour une immersion totale<\/strong><\/p>","protected":false},"featured_media":1819,"comment_status":"closed","ping_status":"closed","template":"","meta":{"_gspb_post_css":""},"product_brand":[],"product_cat":[109],"product_tag":[182,183],"class_list":{"0":"post-1818","1":"product","2":"type-product","3":"status-publish","4":"has-post-thumbnail","6":"product_cat-quran","7":"product_tag-coran","8":"product_tag-sourate","10":"first","11":"instock","12":"sale","13":"sold-individually","14":"taxable","15":"shipping-taxable","16":"purchasable","17":"product-type-variable"},"_links":{"self":[{"href":"https:\/\/kanzuna.com\/en\/wp-json\/wp\/v2\/product\/1818","targetHints":{"allow":["GET"]}}],"collection":[{"href":"https:\/\/kanzuna.com\/en\/wp-json\/wp\/v2\/product"}],"about":[{"href":"https:\/\/kanzuna.com\/en\/wp-json\/wp\/v2\/types\/product"}],"replies":[{"embeddable":true,"href":"https:\/\/kanzuna.com\/en\/wp-json\/wp\/v2\/comments?post=1818"}],"wp:featuredmedia":[{"embeddable":true,"href":"https:\/\/kanzuna.com\/en\/wp-json\/wp\/v2\/media\/1819"}],"wp:attachment":[{"href":"https:\/\/kanzuna.com\/en\/wp-json\/wp\/v2\/media?parent=1818"}],"wp:term":[{"taxonomy":"product_brand","embeddable":true,"href":"https:\/\/kanzuna.com\/en\/wp-json\/wp\/v2\/product_brand?post=1818"},{"taxonomy":"product_cat","embeddable":true,"href":"https:\/\/kanzuna.com\/en\/wp-json\/wp\/v2\/product_cat?post=1818"},{"taxonomy":"product_tag","embeddable":true,"href":"https:\/\/kanzuna.com\/en\/wp-json\/wp\/v2\/product_tag?post=1818"}],"curies":[{"name":"wp","href":"https:\/\/api.w.org\/{rel}","templated":true}]}}